{"id":998,"date":"2020-11-10T08:00:10","date_gmt":"2020-11-10T07:00:10","guid":{"rendered":"http:\/\/sandymercadal.com\/?page_id=998"},"modified":"2020-11-12T11:26:45","modified_gmt":"2020-11-12T10:26:45","slug":"politica-de-uso-de-cookies","status":"publish","type":"page","link":"https:\/\/sandymercadal.com\/en\/politica-de-uso-de-cookies\/","title":{"rendered":"Pol\u00edtica de uso de cookies"},"content":{"rendered":"<p>Esta web utiliza cookies propias y de terceros para mejorar la navegaci\u00f3n de los usuarios. Si has accedido y sigues navegando, aceptas la instalaci\u00f3n de estas cookies. A continuaci\u00f3n te contamos qu\u00e9 son las cookies, cu\u00e1les utilizamos en esta web y te explicamos qu\u00e9 debes hacer para desactivarlas, si lo deseas.<\/p>\n<p><b>\u00bfQu\u00e9 son las cookies?<\/b><\/p>\n<p>Las cookies (en lenguaje digital) son un peque\u00f1o archivo de texto que un sitio web almacena en el navegador del usuario y que tienen como funci\u00f3n facilitar el uso y la navegaci\u00f3n de esa web, siendo en algunos casos esenciales para el funcionamiento de \u00e9sta. \u00bfC\u00f3mo lo hacen? Almacenando los h\u00e1bitos de navegaci\u00f3n del usuario por esa determinada web. En ning\u00fan caso las cookies almacenan tu informaci\u00f3n personal, datos de contacto, bancarios o de cualquier \u00edndole. Tu privacidad est\u00e1 asegurada.<\/p>\n<p><b>\u00bfQu\u00e9 tipo de cookies utiliza esta web?<\/b><\/p>\n<p>En el caso de esta web, las \u00fanicas cookies que se usan son las siguientes:<\/p>\n<ul>\n<li>Cookies t\u00e9cnicas para el funcionamiento de la web:\n<ul>\n<li>Son cookies propias.<\/li>\n<li>Su funci\u00f3n es posibilitar el acceso y navegaci\u00f3n de la web.<\/li>\n<\/ul>\n<\/li>\n<li>Cookies de navegaci\u00f3n:\n<ul>\n<li>Recogen informaci\u00f3n sobre el uso que las visitas hacen de la web, por ejemplo p\u00e1ginas vistas, errores de carga\u2026<\/li>\n<li>Es informaci\u00f3n gen\u00e9rica y an\u00f3nima, donde no se incluyen datos personales, ni se recoge informaci\u00f3n que identifique a los visitantes; siendo el objetivo \u00faltimo mejorar el funcionamiento de la web.<\/li>\n<\/ul>\n<\/li>\n<li>Cookies de an\u00e1lisis:\n<ul>\n<li>Son cookies de terceros, concretamente las instaladas por Google Analytics, gestionadas por Google, Inc.<\/li>\n<li>Su funci\u00f3n es cuantificar el n\u00famero de visitantes a la web y hacer un an\u00e1lisis estad\u00edstico, con el objetivo de darnos a conocer los contenidos que m\u00e1s interesan a los visitantes de esta web.<\/li>\n<li>Puedes obtener m\u00e1s informaci\u00f3n en este enlace de la web de Google:&nbsp;<a href=\"https:\/\/developers.google.com\/analytics\/devguides\/collection\/analyticsjs\/cookie-usage?hl=es\">link<\/a><\/li>\n<\/ul>\n<\/li>\n<\/ul>\n<p><b>\u00bfC\u00f3mo desactivar las cookies?<\/b><\/p>\n<p>Por defecto, al navegar por Mallorca bonita&nbsp;aceptas el uso de las cookies seg\u00fan la pol\u00edtica mencionada. Si lo deseas, puedes desactivarlas en cualquier momento desde tu navegador siguiendo estas indicaciones:<\/p>\n<ul>\n<li>Internet Explorer:&nbsp;<a href=\"http:\/\/windows.microsoft.com\/es-ES\/windows-vista\/Block-or-allow-cookies\">link<\/a><\/li>\n<li>Firefox:&nbsp;<a href=\"http:\/\/support.mozilla.org\/es\/kb\/habilitar-y-deshabilitar-cookies-que-los-sitios-we\">link<\/a><\/li>\n<li>Google Chrome:&nbsp;<a href=\"https:\/\/support.google.com\/chrome\/answer\/95647?hl=es\">link<\/a><\/li>\n<li>Safari:&nbsp;<a href=\"http:\/\/support.apple.com\/kb\/HT1677?viewlocale=es_ES\">link<\/a><\/li>\n<\/ul>","protected":false},"excerpt":{"rendered":"<p>Esta web utiliza cookies propias y de terceros para mejorar la navegaci\u00f3n de los usuarios. Si has accedido y sigues navegando, aceptas la instalaci\u00f3n de estas cookies. A continuaci\u00f3n te contamos qu\u00e9 son las cookies, cu\u00e1les utilizamos en esta web y te explicamos qu\u00e9 debes hacer para desactivarlas, si lo deseas. \u00bfQu\u00e9 son las cookies? [&hellip;]<\/p>\n","protected":false},"author":1,"featured_media":0,"parent":0,"menu_order":0,"comment_status":"closed","ping_status":"closed","template":"","meta":{"footnotes":""},"class_list":["post-998","page","type-page","status-publish","hentry"],"yoast_head":"<!-- This site is optimized with the Yoast SEO plugin v27.1.1 - https:\/\/yoast.com\/product\/yoast-seo-wordpress\/ -->\n<title>Pol\u00edtica de uso de cookies - Sandy Mercadal<\/title>\n<meta name=\"robots\" content=\"index, follow, max-snippet:-1, max-image-preview:large, max-video-preview:-1\" \/>\n<link rel=\"canonical\" href=\"https:\/\/sandymercadal.com\/en\/politica-de-uso-de-cookies\/\" \/>\n<meta property=\"og:locale\" content=\"en_GB\" \/>\n<meta property=\"og:type\" content=\"article\" \/>\n<meta property=\"og:title\" content=\"Pol\u00edtica de uso de cookies - Sandy Mercadal\" \/>\n<meta property=\"og:description\" content=\"Esta web utiliza cookies propias y de terceros para mejorar la navegaci\u00f3n de los usuarios. Si has accedido y sigues navegando, aceptas la instalaci\u00f3n de estas cookies. A continuaci\u00f3n te contamos qu\u00e9 son las cookies, cu\u00e1les utilizamos en esta web y te explicamos qu\u00e9 debes hacer para desactivarlas, si lo deseas. \u00bfQu\u00e9 son las cookies? [&hellip;]\" \/>\n<meta property=\"og:url\" content=\"https:\/\/sandymercadal.com\/en\/politica-de-uso-de-cookies\/\" \/>\n<meta property=\"og:site_name\" content=\"Sandy Mercadal\" \/>\n<meta property=\"article:publisher\" content=\"https:\/\/www.facebook.com\/SandyNeuroMovement\" \/>\n<meta property=\"article:modified_time\" content=\"2020-11-12T10:26:45+00:00\" \/>\n<meta name=\"twitter:card\" content=\"summary_large_image\" \/>\n<meta name=\"twitter:label1\" content=\"Estimated reading time\" \/>\n\t<meta name=\"twitter:data1\" content=\"2 minutes\" \/>\n<script type=\"application\/ld+json\" class=\"yoast-schema-graph\">{\"@context\":\"https:\/\/schema.org\",\"@graph\":[{\"@type\":\"WebPage\",\"@id\":\"https:\/\/sandymercadal.com\/politica-de-uso-de-cookies\/\",\"url\":\"https:\/\/sandymercadal.com\/politica-de-uso-de-cookies\/\",\"name\":\"Pol\u00edtica de uso de cookies - Sandy Mercadal\",\"isPartOf\":{\"@id\":\"https:\/\/sandymercadal.com\/es\/#website\"},\"datePublished\":\"2020-11-10T07:00:10+00:00\",\"dateModified\":\"2020-11-12T10:26:45+00:00\",\"breadcrumb\":{\"@id\":\"https:\/\/sandymercadal.com\/politica-de-uso-de-cookies\/#breadcrumb\"},\"inLanguage\":\"en-GB\",\"potentialAction\":[{\"@type\":\"ReadAction\",\"target\":[\"https:\/\/sandymercadal.com\/politica-de-uso-de-cookies\/\"]}]},{\"@type\":\"BreadcrumbList\",\"@id\":\"https:\/\/sandymercadal.com\/politica-de-uso-de-cookies\/#breadcrumb\",\"itemListElement\":[{\"@type\":\"ListItem\",\"position\":1,\"name\":\"Portada\",\"item\":\"https:\/\/sandymercadal.com\/\"},{\"@type\":\"ListItem\",\"position\":2,\"name\":\"Pol\u00edtica de uso de cookies\"}]},{\"@type\":\"WebSite\",\"@id\":\"https:\/\/sandymercadal.com\/es\/#website\",\"url\":\"https:\/\/sandymercadal.com\/es\/\",\"name\":\"Sandy Mercadal\",\"description\":\"Neurotraining Sport\",\"publisher\":{\"@id\":\"https:\/\/sandymercadal.com\/es\/#organization\"},\"potentialAction\":[{\"@type\":\"SearchAction\",\"target\":{\"@type\":\"EntryPoint\",\"urlTemplate\":\"https:\/\/sandymercadal.com\/es\/?s={search_term_string}\"},\"query-input\":{\"@type\":\"PropertyValueSpecification\",\"valueRequired\":true,\"valueName\":\"search_term_string\"}}],\"inLanguage\":\"en-GB\"},{\"@type\":\"Organization\",\"@id\":\"https:\/\/sandymercadal.com\/es\/#organization\",\"name\":\"Sandy Mercadal\",\"url\":\"https:\/\/sandymercadal.com\/es\/\",\"logo\":{\"@type\":\"ImageObject\",\"inLanguage\":\"en-GB\",\"@id\":\"https:\/\/sandymercadal.com\/es\/#\/schema\/logo\/image\/\",\"url\":\"https:\/\/sandymercadal.com\/wp-content\/uploads\/2020\/11\/logo-sandymercadal-neurotraining-sport.png\",\"contentUrl\":\"https:\/\/sandymercadal.com\/wp-content\/uploads\/2020\/11\/logo-sandymercadal-neurotraining-sport.png\",\"width\":300,\"height\":50,\"caption\":\"Sandy Mercadal\"},\"image\":{\"@id\":\"https:\/\/sandymercadal.com\/es\/#\/schema\/logo\/image\/\"},\"sameAs\":[\"https:\/\/www.facebook.com\/SandyNeuroMovement\",\"https:\/\/www.instagram.com\/sandy.neurotraining\/\"]}]}<\/script>\n<!-- \/ Yoast SEO plugin. -->","yoast_head_json":{"title":"Pol\u00edtica de uso de cookies - Sandy Mercadal","robots":{"index":"index","follow":"follow","max-snippet":"max-snippet:-1","max-image-preview":"max-image-preview:large","max-video-preview":"max-video-preview:-1"},"canonical":"https:\/\/sandymercadal.com\/en\/politica-de-uso-de-cookies\/","og_locale":"en_GB","og_type":"article","og_title":"Pol\u00edtica de uso de cookies - Sandy Mercadal","og_description":"Esta web utiliza cookies propias y de terceros para mejorar la navegaci\u00f3n de los usuarios. Si has accedido y sigues navegando, aceptas la instalaci\u00f3n de estas cookies. A continuaci\u00f3n te contamos qu\u00e9 son las cookies, cu\u00e1les utilizamos en esta web y te explicamos qu\u00e9 debes hacer para desactivarlas, si lo deseas. \u00bfQu\u00e9 son las cookies? [&hellip;]","og_url":"https:\/\/sandymercadal.com\/en\/politica-de-uso-de-cookies\/","og_site_name":"Sandy Mercadal","article_publisher":"https:\/\/www.facebook.com\/SandyNeuroMovement","article_modified_time":"2020-11-12T10:26:45+00:00","twitter_card":"summary_large_image","twitter_misc":{"Estimated reading time":"2 minutes"},"schema":{"@context":"https:\/\/schema.org","@graph":[{"@type":"WebPage","@id":"https:\/\/sandymercadal.com\/politica-de-uso-de-cookies\/","url":"https:\/\/sandymercadal.com\/politica-de-uso-de-cookies\/","name":"Pol\u00edtica de uso de cookies - Sandy Mercadal","isPartOf":{"@id":"https:\/\/sandymercadal.com\/es\/#website"},"datePublished":"2020-11-10T07:00:10+00:00","dateModified":"2020-11-12T10:26:45+00:00","breadcrumb":{"@id":"https:\/\/sandymercadal.com\/politica-de-uso-de-cookies\/#breadcrumb"},"inLanguage":"en-GB","potentialAction":[{"@type":"ReadAction","target":["https:\/\/sandymercadal.com\/politica-de-uso-de-cookies\/"]}]},{"@type":"BreadcrumbList","@id":"https:\/\/sandymercadal.com\/politica-de-uso-de-cookies\/#breadcrumb","itemListElement":[{"@type":"ListItem","position":1,"name":"Portada","item":"https:\/\/sandymercadal.com\/"},{"@type":"ListItem","position":2,"name":"Pol\u00edtica de uso de cookies"}]},{"@type":"WebSite","@id":"https:\/\/sandymercadal.com\/es\/#website","url":"https:\/\/sandymercadal.com\/es\/","name":"Sandy Mercadal","description":"Neurotraining Sport","publisher":{"@id":"https:\/\/sandymercadal.com\/es\/#organization"},"potentialAction":[{"@type":"SearchAction","target":{"@type":"EntryPoint","urlTemplate":"https:\/\/sandymercadal.com\/es\/?s={search_term_string}"},"query-input":{"@type":"PropertyValueSpecification","valueRequired":true,"valueName":"search_term_string"}}],"inLanguage":"en-GB"},{"@type":"Organization","@id":"https:\/\/sandymercadal.com\/es\/#organization","name":"Sandy Mercadal","url":"https:\/\/sandymercadal.com\/es\/","logo":{"@type":"ImageObject","inLanguage":"en-GB","@id":"https:\/\/sandymercadal.com\/es\/#\/schema\/logo\/image\/","url":"https:\/\/sandymercadal.com\/wp-content\/uploads\/2020\/11\/logo-sandymercadal-neurotraining-sport.png","contentUrl":"https:\/\/sandymercadal.com\/wp-content\/uploads\/2020\/11\/logo-sandymercadal-neurotraining-sport.png","width":300,"height":50,"caption":"Sandy Mercadal"},"image":{"@id":"https:\/\/sandymercadal.com\/es\/#\/schema\/logo\/image\/"},"sameAs":["https:\/\/www.facebook.com\/SandyNeuroMovement","https:\/\/www.instagram.com\/sandy.neurotraining\/"]}]}},"_links":{"self":[{"href":"https:\/\/sandymercadal.com\/en\/wp-json\/wp\/v2\/pages\/998","targetHints":{"allow":["GET"]}}],"collection":[{"href":"https:\/\/sandymercadal.com\/en\/wp-json\/wp\/v2\/pages"}],"about":[{"href":"https:\/\/sandymercadal.com\/en\/wp-json\/wp\/v2\/types\/page"}],"author":[{"embeddable":true,"href":"https:\/\/sandymercadal.com\/en\/wp-json\/wp\/v2\/users\/1"}],"replies":[{"embeddable":true,"href":"https:\/\/sandymercadal.com\/en\/wp-json\/wp\/v2\/comments?post=998"}],"version-history":[{"count":1,"href":"https:\/\/sandymercadal.com\/en\/wp-json\/wp\/v2\/pages\/998\/revisions"}],"predecessor-version":[{"id":999,"href":"https:\/\/sandymercadal.com\/en\/wp-json\/wp\/v2\/pages\/998\/revisions\/999"}],"wp:attachment":[{"href":"https:\/\/sandymercadal.com\/en\/wp-json\/wp\/v2\/media?parent=998"}],"curies":[{"name":"wp","href":"https:\/\/api.w.org\/{rel}","templated":true}]}}