{"id":368,"date":"2020-11-10T08:00:15","date_gmt":"2020-11-10T07:00:15","guid":{"rendered":"http:\/\/demo.casethemes.net\/nimmo\/?page_id=368"},"modified":"2020-11-12T11:26:33","modified_gmt":"2020-11-12T10:26:33","slug":"blog","status":"publish","type":"page","link":"https:\/\/sandymercadal.com\/en\/blog\/","title":{"rendered":"Blog"},"content":{"rendered":"<div class=\"vc_row wpb_row vc_row-fluid bg-image-ps-inherit\"><div class=\"wpb_column vc_column_container vc_col-sm-12\"><div class=\"vc_column-inner vc_custom_1540795392968\"><div class=\"wpb_wrapper\">\n<div id=\"ct_blog_grid\" class=\"ct-grid ct-grid-blog-layout1\">\n\n    \n    <div class=\"ct-grid-inner ct-grid-masonry row animation-time\" data-gutter=\"15\">\n                    <div class=\"grid-sizer col-xl-4 col-lg-4 col-md-6 col-sm-12 col-12\"><\/div>\n                                    <div class=\"grid-item col-xl-4 col-lg-4 col-md-6 col-sm-12 col-12\">\n                        <div class=\"grid-item-inner wpb_animate_when_almost_visible wpb_fadeIn fadeIn\">\n                                                            <div class=\"item-featured\">\n                                    <a class=\"overlay\" href=\"https:\/\/sandymercadal.com\/en\/el-cerebro-y-el-concepto-de-threat-bucket\/\">\n                                        <img loading=\"lazy\" decoding=\"async\" class=\"\" src=\"https:\/\/sandymercadal.com\/wp-content\/uploads\/2021\/01\/Captura-de-pantalla-2021-01-11-a-las-10.39.53-1-528x316.png\" width=\"528\" height=\"316\" alt=\"Threat Bucket Sandy Mercadal\" title=\"Threat Bucket Sandy Mercadal\" \/>                                    <\/a>\n                                                                    <\/div>\n                                                        <div class=\"item-body\">\n                                <ul class=\"item-meta\">\n                                    <li><i class=\"fa fa-calendar\"><\/i>11\/01\/2021<\/li>\n                                    <li><i class=\"fa fa-user\"><\/i><span>By <\/span><a href=\"https:\/\/sandymercadal.com\/en\/author\/sandymercadal\/\" title=\"Posts by Sandy Mercadal Hally\" rel=\"author\">Sandy Mercadal Hally<\/a><\/li>\n                                <\/ul>\n                                <h3 class=\"item-title\" style=\"\">\n                                    <a href=\"https:\/\/sandymercadal.com\/en\/el-cerebro-y-el-concepto-de-threat-bucket\/\">El cerebro y el concepto de &#8220;Threat Bucket&#8221;.<\/a>\n                                <\/h3>\n                            <\/div>\n                            <div class=\"item-readmore\"><a class=\"btn\" href=\"https:\/\/sandymercadal.com\/en\/el-cerebro-y-el-concepto-de-threat-bucket\/\">View now<\/a><\/div>\n                        <\/div>\n                    <\/div>\n                    <\/div>\n            <div class=\"ct-grid-pagination\">\n                    <\/div>\n        <\/div><\/div><\/div><\/div><\/div>","protected":false},"excerpt":{"rendered":"Para empezar a entender mi modo de entrenamiento, debes comprender c\u00f3mo funciona a un nivel b\u00e1sico nuestro cerebro. \u00c9ste busca ante todo sobrevivir. No busca el caf\u00e9 de la ma\u00f1ana ni divertirse con los amigos ni levantar mucho peso en el gimnasio. Su funci\u00f3n principal es garantizar tu superviviencia por lo que junto a las [...]","protected":false},"author":1,"featured_media":0,"parent":0,"menu_order":0,"comment_status":"closed","ping_status":"closed","template":"","meta":{"footnotes":""},"class_list":["post-368","page","type-page","status-publish","hentry"],"yoast_head":"<!-- This site is optimized with the Yoast SEO plugin v27.1.1 - https:\/\/yoast.com\/product\/yoast-seo-wordpress\/ -->\n<title>Blog - Sandy Mercadal<\/title>\n<meta name=\"robots\" content=\"index, follow, max-snippet:-1, max-image-preview:large, max-video-preview:-1\" \/>\n<link rel=\"canonical\" href=\"https:\/\/sandymercadal.com\/en\/blog\/\" \/>\n<meta property=\"og:locale\" content=\"en_GB\" \/>\n<meta property=\"og:type\" content=\"article\" \/>\n<meta property=\"og:title\" content=\"Blog - Sandy Mercadal\" \/>\n<meta property=\"og:url\" content=\"https:\/\/sandymercadal.com\/en\/blog\/\" \/>\n<meta property=\"og:site_name\" content=\"Sandy Mercadal\" \/>\n<meta property=\"article:publisher\" content=\"https:\/\/www.facebook.com\/SandyNeuroMovement\" \/>\n<meta property=\"article:modified_time\" content=\"2020-11-12T10:26:33+00:00\" \/>\n<meta name=\"twitter:card\" content=\"summary_large_image\" \/>\n<script type=\"application\/ld+json\" class=\"yoast-schema-graph\">{\"@context\":\"https:\/\/schema.org\",\"@graph\":[{\"@type\":\"WebPage\",\"@id\":\"https:\/\/sandymercadal.com\/blog\/\",\"url\":\"https:\/\/sandymercadal.com\/blog\/\",\"name\":\"Blog - Sandy Mercadal\",\"isPartOf\":{\"@id\":\"https:\/\/sandymercadal.com\/es\/#website\"},\"datePublished\":\"2020-11-10T07:00:15+00:00\",\"dateModified\":\"2020-11-12T10:26:33+00:00\",\"breadcrumb\":{\"@id\":\"https:\/\/sandymercadal.com\/blog\/#breadcrumb\"},\"inLanguage\":\"en-GB\",\"potentialAction\":[{\"@type\":\"ReadAction\",\"target\":[\"https:\/\/sandymercadal.com\/blog\/\"]}]},{\"@type\":\"BreadcrumbList\",\"@id\":\"https:\/\/sandymercadal.com\/blog\/#breadcrumb\",\"itemListElement\":[{\"@type\":\"ListItem\",\"position\":1,\"name\":\"Portada\",\"item\":\"https:\/\/sandymercadal.com\/\"},{\"@type\":\"ListItem\",\"position\":2,\"name\":\"Blog\"}]},{\"@type\":\"WebSite\",\"@id\":\"https:\/\/sandymercadal.com\/es\/#website\",\"url\":\"https:\/\/sandymercadal.com\/es\/\",\"name\":\"Sandy Mercadal\",\"description\":\"Neurotraining Sport\",\"publisher\":{\"@id\":\"https:\/\/sandymercadal.com\/es\/#organization\"},\"potentialAction\":[{\"@type\":\"SearchAction\",\"target\":{\"@type\":\"EntryPoint\",\"urlTemplate\":\"https:\/\/sandymercadal.com\/es\/?s={search_term_string}\"},\"query-input\":{\"@type\":\"PropertyValueSpecification\",\"valueRequired\":true,\"valueName\":\"search_term_string\"}}],\"inLanguage\":\"en-GB\"},{\"@type\":\"Organization\",\"@id\":\"https:\/\/sandymercadal.com\/es\/#organization\",\"name\":\"Sandy Mercadal\",\"url\":\"https:\/\/sandymercadal.com\/es\/\",\"logo\":{\"@type\":\"ImageObject\",\"inLanguage\":\"en-GB\",\"@id\":\"https:\/\/sandymercadal.com\/es\/#\/schema\/logo\/image\/\",\"url\":\"https:\/\/sandymercadal.com\/wp-content\/uploads\/2020\/11\/logo-sandymercadal-neurotraining-sport.png\",\"contentUrl\":\"https:\/\/sandymercadal.com\/wp-content\/uploads\/2020\/11\/logo-sandymercadal-neurotraining-sport.png\",\"width\":300,\"height\":50,\"caption\":\"Sandy Mercadal\"},\"image\":{\"@id\":\"https:\/\/sandymercadal.com\/es\/#\/schema\/logo\/image\/\"},\"sameAs\":[\"https:\/\/www.facebook.com\/SandyNeuroMovement\",\"https:\/\/www.instagram.com\/sandy.neurotraining\/\"]}]}<\/script>\n<!-- \/ Yoast SEO plugin. -->","yoast_head_json":{"title":"Blog - Sandy Mercadal","robots":{"index":"index","follow":"follow","max-snippet":"max-snippet:-1","max-image-preview":"max-image-preview:large","max-video-preview":"max-video-preview:-1"},"canonical":"https:\/\/sandymercadal.com\/en\/blog\/","og_locale":"en_GB","og_type":"article","og_title":"Blog - Sandy Mercadal","og_url":"https:\/\/sandymercadal.com\/en\/blog\/","og_site_name":"Sandy Mercadal","article_publisher":"https:\/\/www.facebook.com\/SandyNeuroMovement","article_modified_time":"2020-11-12T10:26:33+00:00","twitter_card":"summary_large_image","schema":{"@context":"https:\/\/schema.org","@graph":[{"@type":"WebPage","@id":"https:\/\/sandymercadal.com\/blog\/","url":"https:\/\/sandymercadal.com\/blog\/","name":"Blog - Sandy Mercadal","isPartOf":{"@id":"https:\/\/sandymercadal.com\/es\/#website"},"datePublished":"2020-11-10T07:00:15+00:00","dateModified":"2020-11-12T10:26:33+00:00","breadcrumb":{"@id":"https:\/\/sandymercadal.com\/blog\/#breadcrumb"},"inLanguage":"en-GB","potentialAction":[{"@type":"ReadAction","target":["https:\/\/sandymercadal.com\/blog\/"]}]},{"@type":"BreadcrumbList","@id":"https:\/\/sandymercadal.com\/blog\/#breadcrumb","itemListElement":[{"@type":"ListItem","position":1,"name":"Portada","item":"https:\/\/sandymercadal.com\/"},{"@type":"ListItem","position":2,"name":"Blog"}]},{"@type":"WebSite","@id":"https:\/\/sandymercadal.com\/es\/#website","url":"https:\/\/sandymercadal.com\/es\/","name":"Sandy Mercadal","description":"Neurotraining Sport","publisher":{"@id":"https:\/\/sandymercadal.com\/es\/#organization"},"potentialAction":[{"@type":"SearchAction","target":{"@type":"EntryPoint","urlTemplate":"https:\/\/sandymercadal.com\/es\/?s={search_term_string}"},"query-input":{"@type":"PropertyValueSpecification","valueRequired":true,"valueName":"search_term_string"}}],"inLanguage":"en-GB"},{"@type":"Organization","@id":"https:\/\/sandymercadal.com\/es\/#organization","name":"Sandy Mercadal","url":"https:\/\/sandymercadal.com\/es\/","logo":{"@type":"ImageObject","inLanguage":"en-GB","@id":"https:\/\/sandymercadal.com\/es\/#\/schema\/logo\/image\/","url":"https:\/\/sandymercadal.com\/wp-content\/uploads\/2020\/11\/logo-sandymercadal-neurotraining-sport.png","contentUrl":"https:\/\/sandymercadal.com\/wp-content\/uploads\/2020\/11\/logo-sandymercadal-neurotraining-sport.png","width":300,"height":50,"caption":"Sandy Mercadal"},"image":{"@id":"https:\/\/sandymercadal.com\/es\/#\/schema\/logo\/image\/"},"sameAs":["https:\/\/www.facebook.com\/SandyNeuroMovement","https:\/\/www.instagram.com\/sandy.neurotraining\/"]}]}},"_links":{"self":[{"href":"https:\/\/sandymercadal.com\/en\/wp-json\/wp\/v2\/pages\/368","targetHints":{"allow":["GET"]}}],"collection":[{"href":"https:\/\/sandymercadal.com\/en\/wp-json\/wp\/v2\/pages"}],"about":[{"href":"https:\/\/sandymercadal.com\/en\/wp-json\/wp\/v2\/types\/page"}],"author":[{"embeddable":true,"href":"https:\/\/sandymercadal.com\/en\/wp-json\/wp\/v2\/users\/1"}],"replies":[{"embeddable":true,"href":"https:\/\/sandymercadal.com\/en\/wp-json\/wp\/v2\/comments?post=368"}],"version-history":[{"count":2,"href":"https:\/\/sandymercadal.com\/en\/wp-json\/wp\/v2\/pages\/368\/revisions"}],"predecessor-version":[{"id":1004,"href":"https:\/\/sandymercadal.com\/en\/wp-json\/wp\/v2\/pages\/368\/revisions\/1004"}],"wp:attachment":[{"href":"https:\/\/sandymercadal.com\/en\/wp-json\/wp\/v2\/media?parent=368"}],"curies":[{"name":"wp","href":"https:\/\/api.w.org\/{rel}","templated":true}]}}